{"id":93,"date":"2022-08-25T03:20:14","date_gmt":"2022-08-25T03:20:14","guid":{"rendered":"https:\/\/aeroprivado.mx\/?page_id=93"},"modified":"2022-08-25T03:30:26","modified_gmt":"2022-08-25T03:30:26","slug":"mantenimiento","status":"publish","type":"page","link":"https:\/\/aeroprivado.mx\/index.php\/mantenimiento\/","title":{"rendered":"Mantenimiento"},"content":{"rendered":"<p>[et_pb_section fb_built=&#8221;1&#8243; fullwidth=&#8221;on&#8221; admin_label=&#8221;Header&#8221; _builder_version=&#8221;4.16&#8243; background_color=&#8221;#b7b9c7&#8243; custom_padding=&#8221;0px|0|0px|0px|false|false&#8221; da_disable_devices=&#8221;off|off|off&#8221; locked=&#8221;off&#8221; global_colors_info=&#8221;{}&#8221; da_is_popup=&#8221;off&#8221; da_exit_intent=&#8221;off&#8221; da_has_close=&#8221;on&#8221; da_alt_close=&#8221;off&#8221; da_dark_close=&#8221;off&#8221; da_not_modal=&#8221;on&#8221; da_is_singular=&#8221;off&#8221; da_with_loader=&#8221;off&#8221; da_has_shadow=&#8221;on&#8221;][et_pb_fullwidth_header subhead=&#8221;Renta de transporte aereo&#8221; text_orientation=&#8221;center&#8221; button_one_text=&#8221;cont\u00e1ctanos&#8221; button_one_url=&#8221;#Llama&#8221; background_overlay_color=&#8221;rgba(83,90,128,0.3)&#8221; logo_image_url=&#8221;https:\/\/aeroprivado.mx\/wp-content\/uploads\/2022\/08\/aeroprivado-logo-blanco-1048&#215;250-1.png&#8221; _builder_version=&#8221;4.17.6&#8243; title_font=&#8221;Noto Serif|700|||||||&#8221; title_text_align=&#8221;center&#8221; title_font_size=&#8221;70px&#8221; title_line_height=&#8221;1.1em&#8221; content_font=&#8221;Noto Sans||||||||&#8221; content_font_size=&#8221;18px&#8221; content_line_height=&#8221;2em&#8221; subhead_font=&#8221;Noto Sans|700|||||||&#8221; subhead_text_align=&#8221;center&#8221; subhead_font_size=&#8221;30px&#8221; subhead_line_height=&#8221;2em&#8221; background_color=&#8221;rgba(255,255,255,0)&#8221; background_image=&#8221;https:\/\/aeroprivado.mx\/wp-content\/uploads\/2022\/08\/img-41.jpg&#8221; parallax=&#8221;on&#8221; parallax_method=&#8221;on&#8221; custom_button_one=&#8221;on&#8221; button_one_text_size=&#8221;17px&#8221; button_one_text_color=&#8221;#FFFFFF&#8221; button_one_bg_color=&#8221;#00024c&#8221; button_one_border_width=&#8221;7px&#8221; button_one_border_color=&#8221;#00024c&#8221; button_one_border_radius=&#8221;100px&#8221; button_one_font=&#8221;Noto Sans|700||on|||||&#8221; button_one_use_icon=&#8221;off&#8221; custom_margin=&#8221;|||&#8221; custom_padding=&#8221;110px||110px||true&#8221; custom_padding_tablet=&#8221;100px|||&#8221; custom_padding_phone=&#8221;&#8221; custom_padding_last_edited=&#8221;on|phone&#8221; animation_style=&#8221;fade&#8221; animation_direction=&#8221;top&#8221; title_font_size_tablet=&#8221;40px&#8221; title_font_size_phone=&#8221;&#8221; title_font_size_last_edited=&#8221;on|tablet&#8221; subhead_font_size_tablet=&#8221;&#8221; subhead_font_size_phone=&#8221;20px&#8221; subhead_font_size_last_edited=&#8221;on|desktop&#8221; subhead_line_height_tablet=&#8221;&#8221; subhead_line_height_phone=&#8221;1.5em&#8221; subhead_line_height_last_edited=&#8221;on|phone&#8221; button_one_text_color_hover=&#8221;#ffffff&#8221; button_one_border_color_hover=&#8221;#ff9e59&#8243; button_one_border_radius_hover=&#8221;100px&#8221; button_one_bg_color_hover=&#8221;#ff9e59&#8243; global_colors_info=&#8221;{}&#8221; button_one_text_size__hover_enabled=&#8221;off&#8221; button_two_text_size__hover_enabled=&#8221;off&#8221; button_one_text_color__hover_enabled=&#8221;on&#8221; button_one_text_color__hover=&#8221;#ffffff&#8221; button_two_text_color__hover_enabled=&#8221;off&#8221; button_one_border_width__hover_enabled=&#8221;off&#8221; button_two_border_width__hover_enabled=&#8221;off&#8221; button_one_border_color__hover_enabled=&#8221;on&#8221; button_one_border_color__hover=&#8221;#ff9e59&#8243; button_two_border_color__hover_enabled=&#8221;off&#8221; button_one_border_radius__hover_enabled=&#8221;on&#8221; button_one_border_radius__hover=&#8221;100px&#8221; button_two_border_radius__hover_enabled=&#8221;off&#8221; button_one_letter_spacing__hover_enabled=&#8221;off&#8221; button_two_letter_spacing__hover_enabled=&#8221;off&#8221; button_one_bg_color__hover_enabled=&#8221;on&#8221; button_one_bg_color__hover=&#8221;#ff9e59&#8243; button_two_bg_color__hover_enabled=&#8221;off&#8221;]<\/p>\n<p><span class=\" author-d-1gg9uz65z1iz85zgdz68zmqkz84zo2qowz81zrbz122zmz68zdwr7z75zz76zq39lz90zz85zz72zz82zz88zz89zqlz90z3z67zfz71zz74zz65z\">Un Grupo de apasionados por<\/span><span class=\" author-d-4z65zz66zl57z75zyiz66zfr2fz87zwz89znujo7z67z7z67zz83zz80zz85zpgdz87zknemvz71zrz77zxz82zg06z84z83z86z\"> la <\/span><span class=\" author-d-1gg9uz65z1iz85zgdz68zmqkz84zo2qowz81zrbz122zmz68zdwr7z75zz76zq39lz90zz85zz72zz82zz88zz89zqlz90z3z67zfz71zz74zz65z\">Aviacion desde 2010 <\/span><span class=\" author-d-4z65zz66zl57z75zyiz66zfr2fz87zwz89znujo7z67z7z67zz83zz80zz85zpgdz87zknemvz71zrz77zxz82zg06z84z83z86z\">Trabajamos <\/span><span class=\" author-d-1gg9uz65z1iz85zgdz68zmqkz84zo2qowz81zrbz122zmz68zdwr7z75zz76zq39lz90zz85zz72zz82zz88zz89zqlz90z3z67zfz71zz74zz65z\">y compartimos nuestra experiencia de vuelo como nadie, <\/span><span class=\" author-d-4z65zz66zl57z75zyiz66zfr2fz87zwz89znujo7z67z7z67zz83zz80zz85zpgdz87zknemvz71zrz77zxz82zg06z84z83z86z\">con los m\u00e1s altos est\u00e1ndares de seguridad y servicio al cliente.<\/span><\/p>\n<p>[\/et_pb_fullwidth_header][\/et_pb_section][et_pb_section fb_built=&#8221;1&#8243; admin_label=&#8221;Popup &#8211; #Llama&#8221; module_id=&#8221;Llama&#8221; module_class=&#8221;popup&#8221; _builder_version=&#8221;4.17.6&#8243; _module_preset=&#8221;default&#8221; da_is_popup=&#8221;on&#8221; da_popup_slug=&#8221;Llama&#8221; da_disable_devices=&#8221;off|off|off&#8221; global_colors_info=&#8221;{}&#8221; da_exit_intent=&#8221;off&#8221; da_has_close=&#8221;on&#8221; da_alt_close=&#8221;off&#8221; da_dark_close=&#8221;off&#8221; da_not_modal=&#8221;on&#8221; da_is_singular=&#8221;off&#8221; da_with_loader=&#8221;off&#8221; da_has_shadow=&#8221;on&#8221;][et_pb_row column_structure=&#8221;1_2,1_2&#8243; _builder_version=&#8221;4.17.6&#8243; _module_preset=&#8221;default&#8221; global_colors_info=&#8221;{}&#8221;][et_pb_column type=&#8221;1_2&#8243; _builder_version=&#8221;4.17.6&#8243; _module_preset=&#8221;default&#8221; global_colors_info=&#8221;{}&#8221;][et_pb_text admin_label=&#8221;#Llamar&#8221; _builder_version=&#8221;4.17.6&#8243; _module_preset=&#8221;default&#8221; text_font=&#8221;Adamina|800|||||||&#8221; text_text_color=&#8221;#00024c&#8221; text_font_size=&#8221;17px&#8221; global_colors_info=&#8221;{}&#8221;]<\/p>\n<p style=\"text-align: center;\"><strong>Ll\u00e1manos<\/strong><\/p>\n<p style=\"text-align: center;\">+52 33 1817 3360<\/p>\n<p>[\/et_pb_text][\/et_pb_column][et_pb_column type=&#8221;1_2&#8243; _builder_version=&#8221;4.17.6&#8243; _module_preset=&#8221;default&#8221; global_colors_info=&#8221;{}&#8221;][et_pb_text admin_label=&#8221;#Llamar&#8221; _builder_version=&#8221;4.17.6&#8243; _module_preset=&#8221;default&#8221; text_font=&#8221;Adamina|800|||||||&#8221; text_text_color=&#8221;#00024c&#8221; text_font_size=&#8221;17px&#8221; global_colors_info=&#8221;{}&#8221;]<\/p>\n<p style=\"text-align: center;\"><strong>Vis\u00edtanos<\/strong><\/p>\n<p style=\"text-align: center;\">BUENOS AIRES #2272<br \/>COL. PROVIDENCIA, GUADALAJARA, JALISCO<\/p>\n<p>[\/et_pb_text][\/et_pb_column][\/et_pb_row][\/et_pb_section]<\/p>\n","protected":false},"excerpt":{"rendered":"<p>Un Grupo de apasionados por la Aviacion desde 2010 Trabajamos y compartimos nuestra experiencia de vuelo como nadie, con los m\u00e1s altos est\u00e1ndares de seguridad y servicio al cliente.Ll\u00e1manos +52 33 1817 3360Vis\u00edtanos BUENOS AIRES #2272COL. PROVIDENCIA, GUADALAJARA, JALISCO<\/p>\n","protected":false},"author":2,"featured_media":0,"parent":0,"menu_order":0,"comment_status":"closed","ping_status":"closed","template":"page-template-blank.php","meta":{"_et_pb_use_builder":"on","_et_pb_old_content":"","_et_gb_content_width":"","footnotes":""},"_links":{"self":[{"href":"https:\/\/aeroprivado.mx\/index.php\/wp-json\/wp\/v2\/pages\/93"}],"collection":[{"href":"https:\/\/aeroprivado.mx\/index.php\/wp-json\/wp\/v2\/pages"}],"about":[{"href":"https:\/\/aeroprivado.mx\/index.php\/wp-json\/wp\/v2\/types\/page"}],"author":[{"embeddable":true,"href":"https:\/\/aeroprivado.mx\/index.php\/wp-json\/wp\/v2\/users\/2"}],"replies":[{"embeddable":true,"href":"https:\/\/aeroprivado.mx\/index.php\/wp-json\/wp\/v2\/comments?post=93"}],"version-history":[{"count":8,"href":"https:\/\/aeroprivado.mx\/index.php\/wp-json\/wp\/v2\/pages\/93\/revisions"}],"predecessor-version":[{"id":109,"href":"https:\/\/aeroprivado.mx\/index.php\/wp-json\/wp\/v2\/pages\/93\/revisions\/109"}],"wp:attachment":[{"href":"https:\/\/aeroprivado.mx\/index.php\/wp-json\/wp\/v2\/media?parent=93"}],"curies":[{"name":"wp","href":"https:\/\/api.w.org\/{rel}","templated":true}]}}